{"id":2928,"date":"2025-02-04T22:30:17","date_gmt":"2025-02-04T22:30:17","guid":{"rendered":"https:\/\/bissaucar.es\/reservations\/"},"modified":"2026-02-01T15:47:37","modified_gmt":"2026-02-01T15:47:37","slug":"reservez-une-voiture-a-playa-blanca","status":"publish","type":"page","link":"https:\/\/bissaucar.es\/fr\/reservez-une-voiture-a-playa-blanca\/","title":{"rendered":"R\u00e9servez une voiture \u00e0 Playa Blanca"},"content":{"rendered":"\t\t<div data-elementor-type=\"wp-page\" data-elementor-id=\"2928\" class=\"elementor elementor-2928\">\n\t\t\t\t<div class=\"elementor-element elementor-element-7b1b292 e-con-full e-flex e-con e-parent\" data-id=\"7b1b292\" data-element_type=\"container\" data-e-type=\"container\">\n\t\t\t\t<div class=\"elementor-element elementor-element-5b79a0e elementor-widget elementor-widget-html\" data-id=\"5b79a0e\" data-element_type=\"widget\" data-e-type=\"widget\" data-widget_type=\"html.default\">\n\t\t\t\t<div class=\"elementor-widget-container\">\n\t\t\t\t\t<!-- KARVE IFRAME -->         \r\n\r\n          <script language=\"javascript\" type=\"application\/javascript\"\r\n\r\n                     src=\"https:\/\/iframes.karveinformatica.com\/BissaucarIframe\/custom\/custom-events.js\">\r\n\r\n          <\/script>      \r\n\r\n          <script language=\"javascript\" type=\"application\/javascript\"\r\n\r\n                     id=\"karve-comunication-script\" data-minheight=\"500\"\r\n\r\n                     src=\"https:\/\/iframes.karveinformatica.com\/BissaucarIframe\/js\/iframe-comunication-parent.js\">\r\n\r\n          <\/script>\r\n\r\n          <div style=\"position:relative; top:0px; left:0px;\">\r\n\r\n                <iframe id=\"karve-iframe\" width=\"100%\" height=\"100px\" frameBorder=\"0\" scrolling=\"no\"\r\n\r\n                     data-src=\"https:\/\/iframes.karveinformatica.com\/BissaucarIframe\/views\/home.php?lang=fr&conditions-link=https:\/\/bissaucar.es\/fr\/conditions\/\"\r\n\r\n                     data-src-loading=\"https:\/\/iframes.karveinformatica.com\/BissaucarIframe\/views\/loading.php\">\r\n\r\n                <\/iframe>                           \r\n\r\n          <\/div>\r\n\r\n          <!-- KARVE IFRAME -->\t\t\t\t<\/div>\n\t\t\t\t<\/div>\n\t\t\t\t<\/div>\n\t\t<div class=\"elementor-element elementor-element-3ede7c7 e-flex e-con-boxed e-con e-parent\" data-id=\"3ede7c7\" data-element_type=\"container\" data-e-type=\"container\" data-settings=\"{&quot;background_background&quot;:&quot;gradient&quot;}\">\n\t\t\t\t\t<div class=\"e-con-inner\">\n\t\t<div class=\"elementor-element elementor-element-5a94771 e-con-full e-flex e-con e-child\" data-id=\"5a94771\" data-element_type=\"container\" data-e-type=\"container\">\n\t\t\t\t<div class=\"elementor-element elementor-element-97dd73e elementor-invisible elementor-widget elementor-widget-image\" data-id=\"97dd73e\" data-element_type=\"widget\" data-e-type=\"widget\" data-settings=\"{&quot;_animation&quot;:&quot;fadeIn&quot;}\" data-widget_type=\"image.default\">\n\t\t\t\t<div class=\"elementor-widget-container\">\n\t\t\t\t\t\t\t\t\t\t\t\t\t\t\t<img fetchpriority=\"high\" decoding=\"async\" width=\"1200\" height=\"646\" src=\"https:\/\/bissaucar.es\/wp-content\/uploads\/2025\/09\/bissau-car-playa-blanca-volkswagen-t-roc-02-1-1400x754.png\" class=\"attachment-large size-large wp-image-3831\" alt=\"\" srcset=\"https:\/\/bissaucar.es\/wp-content\/uploads\/2025\/09\/bissau-car-playa-blanca-volkswagen-t-roc-02-1-1400x754.png 1400w, https:\/\/bissaucar.es\/wp-content\/uploads\/2025\/09\/bissau-car-playa-blanca-volkswagen-t-roc-02-1-742x400.png 742w, https:\/\/bissaucar.es\/wp-content\/uploads\/2025\/09\/bissau-car-playa-blanca-volkswagen-t-roc-02-1-768x414.png 768w, https:\/\/bissaucar.es\/wp-content\/uploads\/2025\/09\/bissau-car-playa-blanca-volkswagen-t-roc-02-1-1536x828.png 1536w, https:\/\/bissaucar.es\/wp-content\/uploads\/2025\/09\/bissau-car-playa-blanca-volkswagen-t-roc-02-1-2048x1104.png 2048w\" sizes=\"(max-width: 1200px) 100vw, 1200px\" \/>\t\t\t\t\t\t\t\t\t\t\t\t\t\t\t<\/div>\n\t\t\t\t<\/div>\n\t\t\t\t<\/div>\n\t\t<div class=\"elementor-element elementor-element-b4e4fef e-con-full e-flex e-con e-child\" data-id=\"b4e4fef\" data-element_type=\"container\" data-e-type=\"container\">\n\t\t\t\t<div class=\"elementor-element elementor-element-33c57c2 elementor-widget elementor-widget-heading\" data-id=\"33c57c2\" data-element_type=\"widget\" data-e-type=\"widget\" data-widget_type=\"heading.default\">\n\t\t\t\t<div class=\"elementor-widget-container\">\n\t\t\t\t\t<h1 class=\"elementor-heading-title elementor-size-default\">R\u00e9servez votre voiture \n<br> \u00e0 Playa Blanca, Lanzarote<\/h1>\t\t\t\t<\/div>\n\t\t\t\t<\/div>\n\t\t\t\t<div class=\"elementor-element elementor-element-3086416 elementor-widget elementor-widget-text-editor\" data-id=\"3086416\" data-element_type=\"widget\" data-e-type=\"widget\" data-widget_type=\"text-editor.default\">\n\t\t\t\t<div class=\"elementor-widget-container\">\n\t\t\t\t\t\t\t\t\t<p>R\u00e9servez votre voiture de location \u00e0 Playa Blanca avec <strong>Bissau Car<\/strong> et profitez de Lanzarote en toute tranquillit\u00e9.<br \/>Nous livrons le v\u00e9hicule directement \u00e0 votre villa, h\u00f4tel ou appartement le jour m\u00eame.<br \/>R\u00e9servez en quelques \u00e9tapes et commencez votre aventure.<\/p><p>\u2705 Livraison le jour m\u00eame \u00e0 votre h\u00e9bergement \u00e0 Playa Blanca.<br \/>\u2705 Prix transparents, sans co\u00fbts cach\u00e9s.<br \/>\u2705 Flotte moderne et bien entretenue pour votre confort.<\/p>\t\t\t\t\t\t\t\t<\/div>\n\t\t\t\t<\/div>\n\t\t\t\t<\/div>\n\t\t\t\t\t<\/div>\n\t\t\t\t<\/div>\n\t\t<div class=\"elementor-element elementor-element-272b350 e-con-full e-flex e-con e-parent\" data-id=\"272b350\" data-element_type=\"container\" data-e-type=\"container\">\n\t\t<div class=\"elementor-element elementor-element-4a63e6d e-con-full e-flex e-con e-child\" data-id=\"4a63e6d\" data-element_type=\"container\" data-e-type=\"container\">\n\t\t\t\t<div class=\"elementor-element elementor-element-c095235 elementor-widget elementor-widget-heading\" data-id=\"c095235\" data-element_type=\"widget\" data-e-type=\"widget\" data-widget_type=\"heading.default\">\n\t\t\t\t<div class=\"elementor-widget-container\">\n\t\t\t\t\t<h2 class=\"elementor-heading-title elementor-size-default\">Nous livrons et r\u00e9cup\u00e9rons votre voiture \u00e0 tout moment et partout \u00e0 Playa Blanca.<\/h2>\t\t\t\t<\/div>\n\t\t\t\t<\/div>\n\t\t\t\t<div class=\"elementor-element elementor-element-e9823ac elementor-widget elementor-widget-text-editor\" data-id=\"e9823ac\" data-element_type=\"widget\" data-e-type=\"widget\" data-widget_type=\"text-editor.default\">\n\t\t\t\t<div class=\"elementor-widget-container\">\n\t\t\t\t\t\t\t\t\t<p data-start=\"136\" data-end=\"462\">D\u00e9tendez-vous et profitez de votre voyage. Nous nous occupons du reste.<\/p>\t\t\t\t\t\t\t\t<\/div>\n\t\t\t\t<\/div>\n\t\t\t\t<div class=\"elementor-element elementor-element-9f757d6 elementor-widget elementor-widget-image\" data-id=\"9f757d6\" data-element_type=\"widget\" data-e-type=\"widget\" data-widget_type=\"image.default\">\n\t\t\t\t<div class=\"elementor-widget-container\">\n\t\t\t\t\t\t\t\t\t\t\t\t\t\t\t<img decoding=\"async\" width=\"329\" height=\"177\" src=\"https:\/\/bissaucar.es\/wp-content\/uploads\/2025\/08\/bissau-car-iso-137x74.png\" class=\"attachment-large size-large wp-image-205\" alt=\"\" srcset=\"https:\/\/bissaucar.es\/wp-content\/uploads\/2025\/08\/bissau-car-iso.png 329w, https:\/\/bissaucar.es\/wp-content\/uploads\/2025\/08\/bissau-car-iso-137x74.png 137w\" sizes=\"(max-width: 329px) 100vw, 329px\" \/>\t\t\t\t\t\t\t\t\t\t\t\t\t\t\t<\/div>\n\t\t\t\t<\/div>\n\t\t\t\t<\/div>\n\t\t<div class=\"elementor-element elementor-element-337ee48 e-con-full e-flex e-con e-child\" data-id=\"337ee48\" data-element_type=\"container\" data-e-type=\"container\" data-settings=\"{&quot;background_background&quot;:&quot;classic&quot;}\">\n\t\t\t\t<\/div>\n\t\t\t\t<\/div>\n\t\t\t\t<\/div>\n\t\t","protected":false},"excerpt":{"rendered":"<p>R\u00e9servez votre voiture \u00e0 Playa Blanca, Lanzarote R\u00e9servez votre voiture de location \u00e0 Playa Blanca avec Bissau Car et profitez de Lanzarote en toute tranquillit\u00e9.Nous livrons le v\u00e9hicule directement \u00e0 votre villa, h\u00f4tel ou appartement le jour m\u00eame.R\u00e9servez en quelques \u00e9tapes et commencez votre aventure. \u2705 Livraison le jour m\u00eame \u00e0 votre h\u00e9bergement \u00e0 Playa [&hellip;]<\/p>\n","protected":false},"author":1,"featured_media":3103,"parent":0,"menu_order":0,"comment_status":"closed","ping_status":"closed","template":"elementor_canvas","meta":{"site-sidebar-layout":"default","site-content-layout":"","ast-site-content-layout":"default","site-content-style":"default","site-sidebar-style":"default","ast-global-header-display":"","ast-banner-title-visibility":"","ast-main-header-display":"","ast-hfb-above-header-display":"","ast-hfb-below-header-display":"","ast-hfb-mobile-header-display":"","site-post-title":"","ast-breadcrumbs-content":"","ast-featured-img":"","footer-sml-layout":"","ast-disable-related-posts":"","theme-transparent-header-meta":"","adv-header-id-meta":"","stick-header-meta":"","header-above-stick-meta":"","header-main-stick-meta":"","header-below-stick-meta":"","astra-migrate-meta-layouts":"set","ast-page-background-enabled":"default","ast-page-background-meta":{"desktop":{"background-color":"","background-image":"","background-repeat":"repeat","background-position":"center center","background-size":"auto","background-attachment":"scroll","background-type":"","background-media":"","overlay-type":"","overlay-color":"","overlay-opacity":"","overlay-gradient":""},"tablet":{"background-color":"","background-image":"","background-repeat":"repeat","background-position":"center center","background-size":"auto","background-attachment":"scroll","background-type":"","background-media":"","overlay-type":"","overlay-color":"","overlay-opacity":"","overlay-gradient":""},"mobile":{"background-color":"","background-image":"","background-repeat":"repeat","background-position":"center center","background-size":"auto","background-attachment":"scroll","background-type":"","background-media":"","overlay-type":"","overlay-color":"","overlay-opacity":"","overlay-gradient":""}},"ast-content-background-meta":{"desktop":{"background-color":"var(--ast-global-color-5)","background-image":"","background-repeat":"repeat","background-position":"center center","background-size":"auto","background-attachment":"scroll","background-type":"","background-media":"","overlay-type":"","overlay-color":"","overlay-opacity":"","overlay-gradient":""},"tablet":{"background-color":"var(--ast-global-color-5)","background-image":"","background-repeat":"repeat","background-position":"center center","background-size":"auto","background-attachment":"scroll","background-type":"","background-media":"","overlay-type":"","overlay-color":"","overlay-opacity":"","overlay-gradient":""},"mobile":{"background-color":"var(--ast-global-color-5)","background-image":"","background-repeat":"repeat","background-position":"center center","background-size":"auto","background-attachment":"scroll","background-type":"","background-media":"","overlay-type":"","overlay-color":"","overlay-opacity":"","overlay-gradient":""}},"footnotes":""},"class_list":["post-2928","page","type-page","status-publish","has-post-thumbnail","hentry"],"_links":{"self":[{"href":"https:\/\/bissaucar.es\/fr\/wp-json\/wp\/v2\/pages\/2928","targetHints":{"allow":["GET"]}}],"collection":[{"href":"https:\/\/bissaucar.es\/fr\/wp-json\/wp\/v2\/pages"}],"about":[{"href":"https:\/\/bissaucar.es\/fr\/wp-json\/wp\/v2\/types\/page"}],"author":[{"embeddable":true,"href":"https:\/\/bissaucar.es\/fr\/wp-json\/wp\/v2\/users\/1"}],"replies":[{"embeddable":true,"href":"https:\/\/bissaucar.es\/fr\/wp-json\/wp\/v2\/comments?post=2928"}],"version-history":[{"count":0,"href":"https:\/\/bissaucar.es\/fr\/wp-json\/wp\/v2\/pages\/2928\/revisions"}],"wp:featuredmedia":[{"embeddable":true,"href":"https:\/\/bissaucar.es\/fr\/wp-json\/wp\/v2\/media\/3103"}],"wp:attachment":[{"href":"https:\/\/bissaucar.es\/fr\/wp-json\/wp\/v2\/media?parent=2928"}],"curies":[{"name":"wp","href":"https:\/\/api.w.org\/{rel}","templated":true}]}}